{"id":525,"date":"2012-11-13T09:13:42","date_gmt":"2012-11-13T09:13:42","guid":{"rendered":"http:\/\/tollasklub.hu\/?page_id=525"},"modified":"2013-08-24T06:11:45","modified_gmt":"2013-08-24T06:11:45","slug":"lencses-erno","status":"publish","type":"page","link":"http:\/\/tollasklub.hu\/?page_id=525","title":{"rendered":"Lencs\u00e9s Ern\u0151"},"content":{"rendered":"<p style=\"text-align: justify;\"><a href=\"http:\/\/tollasklub.hu\/?attachment_id=527\" rel=\"attachment wp-att-527\"><img decoding=\"async\" loading=\"lazy\" class=\"alignright size-full wp-image-527\" style=\"margin: 5px;\" title=\"Lencs\u00e9s Ern\u0151\" src=\"http:\/\/tollasklub.hu\/wp-content\/uploads\/lencses_erno.jpg\" alt=\"\" width=\"153\" height=\"166\" \/><\/a>36 \u00e9ves vagyok. Tollaslabda sportoktat\u00f3. Pedag\u00f3gusk\u00e9nt sok emberrel foglalkozom, pl. rajztan\u00e1rk\u00e9nt 10 \u00e9vig tan\u00edtottam d\u00edsz\u00edt\u0151fest\u0151ket, jelenleg pedig feln\u0151ttk\u00e9pz\u00e9ssel foglalkozom. Sz\u00edvesen tartok edz\u00e9seket kezd\u0151knek \u00e9s halad\u00f3knak.<\/p>\n<p>El\u00e9rhet\u0151s\u00e9gem:<br \/>\n<strong>Lencs\u00e9s Ern\u0151<\/strong><br \/>\n(szem\u00e9lyes honlapomon):<br \/>\n<a href=\"http:\/\/www.tollaslabdazas.lapunk.hu\">www.tollaslabdazas.lapunk.hu<\/a><br \/>\ne-mail: <a href=\"mailto:lencseserno@freemail.hu\">lencseserno@freemail.hu<\/a><br \/>\nmobil: 0630- 655 -4944<\/p>\n","protected":false},"excerpt":{"rendered":"<p>36 \u00e9ves vagyok. Tollaslabda sportoktat\u00f3. Pedag\u00f3gusk\u00e9nt sok emberrel foglalkozom, pl. rajztan\u00e1rk\u00e9nt 10 \u00e9vig tan\u00edtottam d\u00edsz\u00edt\u0151fest\u0151ket, jelenleg pedig feln\u0151ttk\u00e9pz\u00e9ssel foglalkozom. Sz\u00edvesen tartok edz\u00e9seket kezd\u0151knek \u00e9s halad\u00f3knak. El\u00e9rhet\u0151s\u00e9gem: Lencs\u00e9s Ern\u0151 (szem\u00e9lyes honlapomon): www.tollaslabdazas.lapunk.hu e-mail: lencseserno@freemail.hu mobil: 0630- 655 -4944<\/p>\n","protected":false},"author":1,"featured_media":0,"parent":96,"menu_order":55,"comment_status":"open","ping_status":"open","template":"","meta":[],"_links":{"self":[{"href":"http:\/\/tollasklub.hu\/index.php?rest_route=\/wp\/v2\/pages\/525"}],"collection":[{"href":"http:\/\/tollasklub.hu\/index.php?rest_route=\/wp\/v2\/pages"}],"about":[{"href":"http:\/\/tollasklub.hu\/index.php?rest_route=\/wp\/v2\/types\/page"}],"author":[{"embeddable":true,"href":"http:\/\/tollasklub.hu\/index.php?rest_route=\/wp\/v2\/users\/1"}],"replies":[{"embeddable":true,"href":"http:\/\/tollasklub.hu\/index.php?rest_route=%2Fwp%2Fv2%2Fcomments&post=525"}],"version-history":[{"count":5,"href":"http:\/\/tollasklub.hu\/index.php?rest_route=\/wp\/v2\/pages\/525\/revisions"}],"predecessor-version":[{"id":534,"href":"http:\/\/tollasklub.hu\/index.php?rest_route=\/wp\/v2\/pages\/525\/revisions\/534"}],"up":[{"embeddable":true,"href":"http:\/\/tollasklub.hu\/index.php?rest_route=\/wp\/v2\/pages\/96"}],"wp:attachment":[{"href":"http:\/\/tollasklub.hu\/index.php?rest_route=%2Fwp%2Fv2%2Fmedia&parent=525"}],"curies":[{"name":"wp","href":"https:\/\/api.w.org\/{rel}","templated":true}]}}