{"id":746,"date":"2014-02-18T15:09:22","date_gmt":"2014-02-18T15:09:22","guid":{"rendered":"http:\/\/tollasklub.hu\/?page_id=746"},"modified":"2014-02-18T15:11:00","modified_gmt":"2014-02-18T15:11:00","slug":"varga-miklos-5","status":"publish","type":"page","link":"http:\/\/tollasklub.hu\/?page_id=746","title":{"rendered":"Varga Mikl\u00f3s"},"content":{"rendered":"<p>Az egyetemen kezdtem el tollaslabd\u00e1zni, \u00e9s hamarosan az ELTE sport\u00f6szt\u00f6nd\u00edjasa, hallgat\u00f3i sportszervez\u0151je lettem. Csapatunkkal bekapcsol\u00f3dtunk a legt\u00f6bb amat\u0151r versenysorozatba. Edz\u00e9start\u00e1ssal Sz\u0171cs Zolt\u00e1n mellett kezdtem el foglalkozni, els\u0151 k\u00f6rben a j\u00f3l ismert gyerek edz\u0151t\u00e1boraiban, k\u00e9s\u0151bb pedig iskolai csapatokkal, illetve amat\u0151r feln\u0151ttekkel dolgoztam. Tov\u00e1bbra is v\u00e1llalom gyerekek illetve kezd\u0151 \u00e9s halad\u00f3 feln\u0151ttek edz\u00e9s\u00e9t, egy\u00e9nileg \u00e9s kis csoportokban.<\/p>\n<p>&nbsp;<\/p>\n<p>Telefon: <a href=\"tel:%2B36%2070%C2%A0365%206033\" target=\"_blank\">+36 70\u00a0365 6033<\/a><br \/>\nEmail: <a href=\"mailto:varga.miklos@variovision.hu\" target=\"_blank\">varga.miklos@variovision.hu<\/a><\/p>\n","protected":false},"excerpt":{"rendered":"<p>Az egyetemen kezdtem el tollaslabd\u00e1zni, \u00e9s hamarosan az ELTE sport\u00f6szt\u00f6nd\u00edjasa, hallgat\u00f3i sportszervez\u0151je lettem. Csapatunkkal bekapcsol\u00f3dtunk a legt\u00f6bb amat\u0151r versenysorozatba. Edz\u00e9start\u00e1ssal Sz\u0171cs Zolt\u00e1n mellett kezdtem el foglalkozni, els\u0151 k\u00f6rben a j\u00f3l ismert gyerek edz\u0151t\u00e1boraiban, k\u00e9s\u0151bb pedig iskolai csapatokkal, illetve amat\u0151r feln\u0151ttekkel &hellip; <a href=\"http:\/\/tollasklub.hu\/?page_id=746\">Continue reading <span class=\"meta-nav\">&rarr;<\/span><\/a><\/p>\n","protected":false},"author":2,"featured_media":0,"parent":96,"menu_order":0,"comment_status":"open","ping_status":"open","template":"","meta":[],"_links":{"self":[{"href":"http:\/\/tollasklub.hu\/index.php?rest_route=\/wp\/v2\/pages\/746"}],"collection":[{"href":"http:\/\/tollasklub.hu\/index.php?rest_route=\/wp\/v2\/pages"}],"about":[{"href":"http:\/\/tollasklub.hu\/index.php?rest_route=\/wp\/v2\/types\/page"}],"author":[{"embeddable":true,"href":"http:\/\/tollasklub.hu\/index.php?rest_route=\/wp\/v2\/users\/2"}],"replies":[{"embeddable":true,"href":"http:\/\/tollasklub.hu\/index.php?rest_route=%2Fwp%2Fv2%2Fcomments&post=746"}],"version-history":[{"count":1,"href":"http:\/\/tollasklub.hu\/index.php?rest_route=\/wp\/v2\/pages\/746\/revisions"}],"predecessor-version":[{"id":747,"href":"http:\/\/tollasklub.hu\/index.php?rest_route=\/wp\/v2\/pages\/746\/revisions\/747"}],"up":[{"embeddable":true,"href":"http:\/\/tollasklub.hu\/index.php?rest_route=\/wp\/v2\/pages\/96"}],"wp:attachment":[{"href":"http:\/\/tollasklub.hu\/index.php?rest_route=%2Fwp%2Fv2%2Fmedia&parent=746"}],"curies":[{"name":"wp","href":"https:\/\/api.w.org\/{rel}","templated":true}]}}