{"id":11,"date":"2011-07-19T00:30:40","date_gmt":"2011-07-19T00:30:40","guid":{"rendered":"http:\/\/tollasklub.hu\/?page_id=11"},"modified":"2023-02-08T14:34:34","modified_gmt":"2023-02-08T14:34:34","slug":"elerhetoseg","status":"publish","type":"page","link":"https:\/\/tollasklub.hu\/?page_id=11","title":{"rendered":"El\u00e9rhet\u0151s\u00e9g"},"content":{"rendered":"<p>1.<\/p>\n<p><span style=\"text-decoration: underline;\"><strong>TOLLASLABDA: XI. ker. Budapest,\u00a0Musk\u00e9t\u00e1s u. 1 Vasv\u00e1ri P. Ip. Park Waldorf tornaterem (44-es \u00e9p\u00fclet)\u00a0 \u00a0 \u00a0&#8211;\u00a0Waldorf Isk. \u00e9s Gimn\u00e1zium tornaterme<\/strong><\/span><\/p>\n<p>Nyitvatart\u00e1s:<\/p>\n<p><strong>Kedd 16-18 gyerek \u00e9s feln\u0151tt edz\u00e9s \u00e9s 18.30-20.30 feln\u0151tt tollas, egy\u00e9ni edz\u00e9s<\/strong><\/p>\n<p>GPS koordin\u00e1t\u00e1k&gt; Sz\u00e9less\u00e9g: \u00c9 \u00a0\u00a0\u00a0\u00a0\u00a0\u00a0\u00a0\u00a0\u00a0\u00a0 Hossz\u00fas\u00e1g: K<\/p>\n<p>T\u00f6megk\u00f6zleked\u00e9s:\u00a0<strong>41-es villamos, 87-es busz<\/strong>\u00a0rep\u00fcl\u0151t\u00e9r meg\u00e1ll\u00f3n\u00e1l kell lesz\u00e1llni.<\/p>\n<p>P\u00e1lyafoglal\u00e1s: 06 30 9 429 320 , E-mail: andras pont remsei kukacjel gmail pont com<\/p>\n<p><span style=\"text-decoration: underline;\"><strong>2.TOLLASLABDA: II. ker. Budapest, Zivatar utca 2 \u00a0 \u00a0 &#8211; Szent Ang\u00e9la \u00c1lt. Isk. \u00e9s Gimn\u00e1zium tornaterme<\/strong><\/span><\/p>\n<p>Nyitvatart\u00e1s:<br \/>\n<strong>Kedd 17.55-19.15 feln\u0151tt j\u00e1t\u00e9k;\u00a0<br \/>\ncs\u00fct\u00f6rt\u00f6k 18-19.30 gyerek \u00e9s feln\u0151tt edz\u00e9s 19.30-21.00 feln\u0151tt j\u00e1t\u00e9k \u00e9s egy\u00e9ni edz\u00e9s<\/strong><\/p>\n<p>GPS koordin\u00e1t\u00e1k&gt; Sz\u00e9less\u00e9g: \u00c9 \u00a0\u00a0\u00a0\u00a0\u00a0\u00a0\u00a0\u00a0\u00a0\u00a0 Hossz\u00fas\u00e1g: K<\/p>\n<p>T\u00f6megk\u00f6zleked\u00e9s: <strong>4-es, 6-os villamos<\/strong> Mechwart liget meg\u00e1ll\u00f3n\u00e1l kell lesz\u00e1llni.<\/p>\n<p>P\u00e1lyafoglal\u00e1s: 06 30 9 429 320 , E-mail: andras pont remsei kukacjel gmail pont com<\/p>\n<p>3. <span style=\"text-decoration: underline;\"><strong>TOLLASLABDA: XX. ker. Budapest, Lajtha L\u00e1szl\u00f3 u. 5-7 &#8211; Haj\u00f3s Alfr\u00e9d \u00c1lt. Isk. tornaterme<br \/>\n<\/strong><\/span><\/p>\n<p>Nyitvatart\u00e1s:<br \/>\n<strong>Szerda 17.50-20.50<\/strong><\/p>\n<p>GPS koordin\u00e1t\u00e1k&gt; Sz\u00e9less\u00e9g: \u00c9 47.44167 Hossz\u00fas\u00e1g: K 19.09876<\/p>\n<p>(j\u00fanius 15-t\u0151l szeptember 01-ig\u00a0 ny\u00e1ri sz\u00fcnet)<\/p>\n<p><span style=\"text-decoration: underline;\">P\u00e1lyafoglal\u00e1s<\/span>: <strong>06 30 9 429 320<\/strong> , <span style=\"text-decoration: underline;\">E-mail<\/span>: <a href=\"mailto:andras pont remsei kukacjel gmail pont com<\/a><br \/>\nParkolni ingyenesen lehet.<\/p>\n<p>4. <span style=\"text-decoration: underline;\"><strong><br \/>\n4. TOLLASLABDA: XII. ker. Budapest, Sion l\u00e9pcs\u0151 2 \u00a0 \u00a0 &#8211; Arany J\u00e1nos Gimn\u00e1zium tornaterme<\/strong><\/span><\/p>\n<p>Nyitvatart\u00e1s:<\/p>\n<p><strong>H\u00e9tf\u0151 18-21 gyerek edz\u00e9s, feln\u0151tt j\u00e1t\u00e9k \u00e9s egy\u00e9ni edz\u00e9s;\u00a0<\/strong><strong><br \/>\ncs\u00fct\u00f6rt\u00f6k 18.00-20.00 feln\u0151tt j\u00e1t\u00e9k<\/strong><\/p>\n<p>GPS koordin\u00e1t\u00e1k&gt; Sz\u00e9less\u00e9g: \u00c9 47.48474\u00a0\u00a0\u00a0\u00a0\u00a0\u00a0\u00a0\u00a0\u00a0\u00a0 Hossz\u00fas\u00e1g: K 19.01644<\/p>\n<p>(j\u00fanius 15-t\u0151l szeptember 01-ig\u00a0 ny\u00e1ri sz\u00fcnet)<\/p>\n<p>T\u00f6megk\u00f6zleked\u00e9s: <strong>8-as busz<\/strong> a p\u00e1lya el\u0151tt tesz ki, a Sion l\u00e9pcs\u0151 meg\u00e1ll\u00f3n\u00e1l, a busz a Bosny\u00e1k t\u00e9rt\u0151l a Keleti Pu, Blaha l. t\u00e9r, Aszt\u00f3ria, Ferenciek tere, D\u00f6brentei t\u00e9r, BAH csom\u00f3ponton kereszt\u00fcl j\u00f6n a belv\u00e1rosb\u00f3l.<\/p>\n<p>A m\u00e1sik oldalr\u00f3l Gazdagr\u00e9t ir\u00e1ny\u00e1b\u00f3l is megk\u00f6zel\u00edthet\u0151 a p\u00e1lya.<\/p>\n<p>Parkolni ingyenesen a csarnok el\u0151tt lehet.<br \/>\nP\u00e1lyafoglal\u00e1s: 06 30 9 429 320 , E-mail: andras pont remsei kukacjel gmail pont com<\/p>\n<p>&nbsp;<\/p>\n","protected":false},"excerpt":{"rendered":"<p>1. TOLLASLABDA: XI. ker. Budapest,\u00a0Musk\u00e9t\u00e1s u. 1 Vasv\u00e1ri P. Ip. Park Waldorf tornaterem (44-es \u00e9p\u00fclet)\u00a0 \u00a0 \u00a0&#8211;\u00a0Waldorf Isk. \u00e9s Gimn\u00e1zium tornaterme Nyitvatart\u00e1s: Kedd 16-18 gyerek \u00e9s feln\u0151tt edz\u00e9s \u00e9s 18.30-20.30 feln\u0151tt tollas, egy\u00e9ni edz\u00e9s GPS koordin\u00e1t\u00e1k&gt; Sz\u00e9less\u00e9g: \u00c9 \u00a0\u00a0\u00a0\u00a0\u00a0\u00a0\u00a0\u00a0\u00a0\u00a0 Hossz\u00fas\u00e1g: &hellip; <a href=\"https:\/\/tollasklub.hu\/?page_id=11\">Continue reading <span class=\"meta-nav\">&rarr;<\/span><\/a><\/p>\n","protected":false},"author":1,"featured_media":0,"parent":0,"menu_order":12,"comment_status":"closed","ping_status":"closed","template":"","meta":[],"_links":{"self":[{"href":"https:\/\/tollasklub.hu\/index.php?rest_route=\/wp\/v2\/pages\/11"}],"collection":[{"href":"https:\/\/tollasklub.hu\/index.php?rest_route=\/wp\/v2\/pages"}],"about":[{"href":"https:\/\/tollasklub.hu\/index.php?rest_route=\/wp\/v2\/types\/page"}],"author":[{"embeddable":true,"href":"https:\/\/tollasklub.hu\/index.php?rest_route=\/wp\/v2\/users\/1"}],"replies":[{"embeddable":true,"href":"https:\/\/tollasklub.hu\/index.php?rest_route=%2Fwp%2Fv2%2Fcomments&post=11"}],"version-history":[{"count":62,"href":"https:\/\/tollasklub.hu\/index.php?rest_route=\/wp\/v2\/pages\/11\/revisions"}],"predecessor-version":[{"id":1000,"href":"https:\/\/tollasklub.hu\/index.php?rest_route=\/wp\/v2\/pages\/11\/revisions\/1000"}],"wp:attachment":[{"href":"https:\/\/tollasklub.hu\/index.php?rest_route=%2Fwp%2Fv2%2Fmedia&parent=11"}],"curies":[{"name":"wp","href":"https:\/\/api.w.org\/{rel}","templated":true}]}}