{"id":119,"date":"2011-09-01T14:45:08","date_gmt":"2011-09-01T14:45:08","guid":{"rendered":"http:\/\/tollasklub.hu\/?page_id=119"},"modified":"2017-03-05T00:43:21","modified_gmt":"2017-03-05T00:43:21","slug":"irjal-nekunk","status":"publish","type":"page","link":"https:\/\/tollasklub.hu\/?page_id=119","title":{"rendered":"\u00cdrjon nek\u00fcnk!"},"content":{"rendered":"<p style=\"text-align: justify;\">\u00d6r\u00f6mmel vessz\u00fck az \u00e9szrev\u00e9teleket, tan\u00e1csokat mind a klub, mind a weblap tekintet\u00e9ben. K\u00e9r\u00fcnk, hogy jelezd, mivel tudjuk sz\u00ednvonalasabb\u00e1, vonz\u00f3bb\u00e1 tenni int\u00e9zm\u00e9ny\u00fcnket.<\/p>\n<p style=\"text-align: justify;\">Egym\u00e1s k\u00f6z\u00f6tt vagyunk, a kritikus megjegyz\u00e9sedet sem kell magadnak megtartanod.<\/p>\n<p style=\"text-align: justify;\">K\u00fcl\u00f6n\u00f6sen \u00f6r\u00fcl\u00fcnk, ha k\u00f6z\u00f6tt\u00fcnk l\u00e1tunk mint sportol\u00f3t, vagy mint edz\u0151t. Ha k\u00e9rd\u00e9seid vannak, itt teheted fel.<\/p>\n<p style=\"text-align: justify;\">A tollaslabda klub egy budapesti k\u00f6z\u00f6ss\u00e9g. Ha b\u00e1rmilyen kapcsol\u00f3d\u00f3 programr\u00f3l tudsz, k\u00e9r\u00fcnk, hogy t\u00e1j\u00e9koztass benn\u00fcnket, hogy megjelen\u00edthess\u00fck a honlapon.<\/p>\n<p style=\"text-align: justify;\">V\u00e9g\u00fcl buzd\u00edtunk arra, hogy l\u00e9pj be k\u00f6z\u00e9nk szerkeszt\u0151nek! Sz\u00edvesen adunk jogosults\u00e1got ahhoz, hogy vel\u00fcnk egy\u00fctt szerkeszd a honlapot, elmondd cikkekben a v\u00e9lem\u00e9nyedet a klubot \u00e9s t\u00e1rsainkat v\u00e1rhat\u00f3an \u00e9rdekl\u0151 esem\u00e9nyekr\u0151l, t\u00f6rt\u00e9n\u00e9sekr\u0151l.<\/p>\n<p style=\"text-align: justify;\">[contact-form 3 &#8220;\u00cdrj\u00e1l nek\u00fcnk&#8221;]<\/p>\n","protected":false},"excerpt":{"rendered":"<p>\u00d6r\u00f6mmel vessz\u00fck az \u00e9szrev\u00e9teleket, tan\u00e1csokat mind a klub, mind a weblap tekintet\u00e9ben. K\u00e9r\u00fcnk, hogy jelezd, mivel tudjuk sz\u00ednvonalasabb\u00e1, vonz\u00f3bb\u00e1 tenni int\u00e9zm\u00e9ny\u00fcnket. Egym\u00e1s k\u00f6z\u00f6tt vagyunk, a kritikus megjegyz\u00e9sedet sem kell magadnak megtartanod. K\u00fcl\u00f6n\u00f6sen \u00f6r\u00fcl\u00fcnk, ha k\u00f6z\u00f6tt\u00fcnk l\u00e1tunk mint sportol\u00f3t, vagy mint &hellip; <a href=\"https:\/\/tollasklub.hu\/?page_id=119\">Continue reading <span class=\"meta-nav\">&rarr;<\/span><\/a><\/p>\n","protected":false},"author":1,"featured_media":124,"parent":0,"menu_order":37,"comment_status":"closed","ping_status":"closed","template":"","meta":[],"_links":{"self":[{"href":"https:\/\/tollasklub.hu\/index.php?rest_route=\/wp\/v2\/pages\/119"}],"collection":[{"href":"https:\/\/tollasklub.hu\/index.php?rest_route=\/wp\/v2\/pages"}],"about":[{"href":"https:\/\/tollasklub.hu\/index.php?rest_route=\/wp\/v2\/types\/page"}],"author":[{"embeddable":true,"href":"https:\/\/tollasklub.hu\/index.php?rest_route=\/wp\/v2\/users\/1"}],"replies":[{"embeddable":true,"href":"https:\/\/tollasklub.hu\/index.php?rest_route=%2Fwp%2Fv2%2Fcomments&post=119"}],"version-history":[{"count":8,"href":"https:\/\/tollasklub.hu\/index.php?rest_route=\/wp\/v2\/pages\/119\/revisions"}],"predecessor-version":[{"id":880,"href":"https:\/\/tollasklub.hu\/index.php?rest_route=\/wp\/v2\/pages\/119\/revisions\/880"}],"wp:featuredmedia":[{"embeddable":true,"href":"https:\/\/tollasklub.hu\/index.php?rest_route=\/wp\/v2\/media\/124"}],"wp:attachment":[{"href":"https:\/\/tollasklub.hu\/index.php?rest_route=%2Fwp%2Fv2%2Fmedia&parent=119"}],"curies":[{"name":"wp","href":"https:\/\/api.w.org\/{rel}","templated":true}]}}