{"id":182,"date":"2011-09-03T10:41:57","date_gmt":"2011-09-03T10:41:57","guid":{"rendered":"http:\/\/tollasklub.hu\/?page_id=182"},"modified":"2014-04-18T03:03:44","modified_gmt":"2014-04-18T03:03:44","slug":"kodmon-gabriella","status":"publish","type":"page","link":"https:\/\/tollasklub.hu\/?page_id=182","title":{"rendered":"K\u00f6dm\u00f6n Gabriella"},"content":{"rendered":"<p style=\"text-align: justify;\"><a href=\"http:\/\/tollasklub.hu\/wp-content\/uploads\/kg_2011-09-03_124045.jpg\"><img decoding=\"async\" loading=\"lazy\" class=\"alignleft size-medium wp-image-183\" style=\"margin: 5px;\" title=\"K\u00f6dm\u00f6n Gabriella\" alt=\"\" src=\"http:\/\/tollasklub.hu\/wp-content\/uploads\/kg_2011-09-03_124045-187x300.jpg\" width=\"131\" height=\"210\" srcset=\"https:\/\/tollasklub.hu\/wp-content\/uploads\/kg_2011-09-03_124045-187x300.jpg 187w, https:\/\/tollasklub.hu\/wp-content\/uploads\/kg_2011-09-03_124045.jpg 314w\" sizes=\"(max-width: 131px) 100vw, 131px\" \/><\/a>K\u00f6dm\u00f6n Gabi vagyok, 23 \u00e9ves 12 \u00e9ve tollasozom versenyszer\u0171en, k\u00f6r\u00fclbel\u00fcl 5 \u00e9ve tartok edz\u00e9seket illetve edz\u0151t\u00e1borokat gyerekeknek. Feln\u0151tteket \u00e9s gyerekeket egyar\u00e1nt sz\u00edvesen edzen\u00e9k, egy\u00e9nileg \u00e9s csoportosan is, de j\u00e1tszani is sz\u00edvesen j\u00e1tszom b\u00e1rkivel.<\/p>\n<p>\u00a0<span class=\"skype_c2c_print_container\">06 20 54<\/span><br \/>\nEmail: <a href=\"mailto:kodmong@gmail.com\">kodmong@gmail.com<\/a><\/p>\n<p>&nbsp;<\/p>\n<div id=\"dc_vk_code\" style=\"display: none;\"><\/div>\n<div class=\"skype_c2c_menu_container\" id=\"skype_c2c_menu_container\" style=\"display: none;\" onmouseover=\"SkypeClick2Call.MenuInjectionHandler.showMenu(this, event)\" onmouseout=\"SkypeClick2Call.MenuInjectionHandler.hideMenu(event)\">\n<div class=\"skype_c2c_menu_click2call\"><a class=\"skype_c2c_menu_click2call_action\" id=\"skype_c2c_menu_click2call_action\"><\/a>Call<\/div>\n<div class=\"skype_c2c_menu_click2sms\"><a class=\"skype_c2c_menu_click2sms_action\" id=\"skype_c2c_menu_click2sms_action\"><\/a>Send SMS<\/div>\n<div class=\"skype_c2c_menu_add2skype\"><a class=\"skype_c2c_menu_add2skype_text\" id=\"skype_c2c_menu_add2skype_text\"><\/a>Add to Skype<\/div>\n<div class=\"skype_c2c_menu_toll_info\"><span class=\"skype_c2c_menu_toll_callcredit\">You&#8217;ll need Skype Credit<\/span><span class=\"skype_c2c_menu_toll_free\">Free via Skype<\/span><\/div>\n<\/div>\n","protected":false},"excerpt":{"rendered":"<p>K\u00f6dm\u00f6n Gabi vagyok, 23 \u00e9ves 12 \u00e9ve tollasozom versenyszer\u0171en, k\u00f6r\u00fclbel\u00fcl 5 \u00e9ve tartok edz\u00e9seket illetve edz\u0151t\u00e1borokat gyerekeknek. Feln\u0151tteket \u00e9s gyerekeket egyar\u00e1nt sz\u00edvesen edzen\u00e9k, egy\u00e9nileg \u00e9s csoportosan is, de j\u00e1tszani is sz\u00edvesen j\u00e1tszom b\u00e1rkivel. \u00a006 20 54 Email: kodmong@gmail.com &nbsp; Call &hellip; <a href=\"https:\/\/tollasklub.hu\/?page_id=182\">Continue reading <span class=\"meta-nav\">&rarr;<\/span><\/a><\/p>\n","protected":false},"author":1,"featured_media":0,"parent":96,"menu_order":50,"comment_status":"closed","ping_status":"closed","template":"","meta":[],"_links":{"self":[{"href":"https:\/\/tollasklub.hu\/index.php?rest_route=\/wp\/v2\/pages\/182"}],"collection":[{"href":"https:\/\/tollasklub.hu\/index.php?rest_route=\/wp\/v2\/pages"}],"about":[{"href":"https:\/\/tollasklub.hu\/index.php?rest_route=\/wp\/v2\/types\/page"}],"author":[{"embeddable":true,"href":"https:\/\/tollasklub.hu\/index.php?rest_route=\/wp\/v2\/users\/1"}],"replies":[{"embeddable":true,"href":"https:\/\/tollasklub.hu\/index.php?rest_route=%2Fwp%2Fv2%2Fcomments&post=182"}],"version-history":[{"count":7,"href":"https:\/\/tollasklub.hu\/index.php?rest_route=\/wp\/v2\/pages\/182\/revisions"}],"predecessor-version":[{"id":757,"href":"https:\/\/tollasklub.hu\/index.php?rest_route=\/wp\/v2\/pages\/182\/revisions\/757"}],"up":[{"embeddable":true,"href":"https:\/\/tollasklub.hu\/index.php?rest_route=\/wp\/v2\/pages\/96"}],"wp:attachment":[{"href":"https:\/\/tollasklub.hu\/index.php?rest_route=%2Fwp%2Fv2%2Fmedia&parent=182"}],"curies":[{"name":"wp","href":"https:\/\/api.w.org\/{rel}","templated":true}]}}