{"id":197,"date":"2011-09-03T11:02:17","date_gmt":"2011-09-03T11:02:17","guid":{"rendered":"http:\/\/tollasklub.hu\/?page_id=197"},"modified":"2014-02-10T17:54:34","modified_gmt":"2014-02-10T17:54:34","slug":"maka-zoltan","status":"publish","type":"page","link":"https:\/\/tollasklub.hu\/?page_id=197","title":{"rendered":"Maka Zolt\u00e1n"},"content":{"rendered":"<p style=\"text-align: justify;\"><a href=\"http:\/\/tollasklub.hu\/wp-content\/uploads\/maka-zoli.jpeg\"><img decoding=\"async\" loading=\"lazy\" class=\"alignnone size-medium wp-image-727\" alt=\"maka zoli\" src=\"http:\/\/tollasklub.hu\/wp-content\/uploads\/maka-zoli-300x300.jpeg\" width=\"129\" height=\"129\" srcset=\"https:\/\/tollasklub.hu\/wp-content\/uploads\/maka-zoli-300x300.jpeg 300w, https:\/\/tollasklub.hu\/wp-content\/uploads\/maka-zoli-150x150.jpeg 150w, https:\/\/tollasklub.hu\/wp-content\/uploads\/maka-zoli-100x100.jpeg 100w, https:\/\/tollasklub.hu\/wp-content\/uploads\/maka-zoli-245x245.jpeg 245w, https:\/\/tollasklub.hu\/wp-content\/uploads\/maka-zoli.jpeg 420w\" sizes=\"(max-width: 129px) 100vw, 129px\" \/><\/a>\u00a0\u00a0 A K\u00e1roli G\u00e1sp\u00e1r Reform\u00e1tus Egyetem Tan\u00edt\u00f3k\u00e9pz\u0151 F\u0151iskolai Kar\u00e1n v\u00e9geztem szoci\u00e1lismunka \u00e9s diak\u00f3nus szakos hallgat\u00f3k\u00e9nt. 12 \u00e9ve tollaslabd\u00e1zom, 6 \u00e9ve edz\u0151t\u00e1borokban seg\u00edtek edz\u00e9seket tartani gyerekeknek. B\u00e1rki, aki szeretne tollasozni \u00e9s ehhez edz\u0151re lenne, sz\u00fcks\u00e9ge, \u00edrjon b\u00e1tran e-mailt , \u00e9s pontos\u00edtjuk a r\u00e9szleteket.<\/p>\n<p style=\"text-align: justify;\">Telefon: 06-20 430 90 44<br \/>\nEmail: <a href=\"mailto:faliraki@citromail.hu\">faliraki@citromail.hu<\/a><\/p>\n<div id=\"dc_vk_code\" style=\"display: none;\"><\/div>\n","protected":false},"excerpt":{"rendered":"<p>\u00a0\u00a0 A K\u00e1roli G\u00e1sp\u00e1r Reform\u00e1tus Egyetem Tan\u00edt\u00f3k\u00e9pz\u0151 F\u0151iskolai Kar\u00e1n v\u00e9geztem szoci\u00e1lismunka \u00e9s diak\u00f3nus szakos hallgat\u00f3k\u00e9nt. 12 \u00e9ve tollaslabd\u00e1zom, 6 \u00e9ve edz\u0151t\u00e1borokban seg\u00edtek edz\u00e9seket tartani gyerekeknek. B\u00e1rki, aki szeretne tollasozni \u00e9s ehhez edz\u0151re lenne, sz\u00fcks\u00e9ge, \u00edrjon b\u00e1tran e-mailt , \u00e9s pontos\u00edtjuk &hellip; <a href=\"https:\/\/tollasklub.hu\/?page_id=197\">Continue reading <span class=\"meta-nav\">&rarr;<\/span><\/a><\/p>\n","protected":false},"author":1,"featured_media":0,"parent":96,"menu_order":60,"comment_status":"closed","ping_status":"closed","template":"","meta":[],"_links":{"self":[{"href":"https:\/\/tollasklub.hu\/index.php?rest_route=\/wp\/v2\/pages\/197"}],"collection":[{"href":"https:\/\/tollasklub.hu\/index.php?rest_route=\/wp\/v2\/pages"}],"about":[{"href":"https:\/\/tollasklub.hu\/index.php?rest_route=\/wp\/v2\/types\/page"}],"author":[{"embeddable":true,"href":"https:\/\/tollasklub.hu\/index.php?rest_route=\/wp\/v2\/users\/1"}],"replies":[{"embeddable":true,"href":"https:\/\/tollasklub.hu\/index.php?rest_route=%2Fwp%2Fv2%2Fcomments&post=197"}],"version-history":[{"count":8,"href":"https:\/\/tollasklub.hu\/index.php?rest_route=\/wp\/v2\/pages\/197\/revisions"}],"predecessor-version":[{"id":728,"href":"https:\/\/tollasklub.hu\/index.php?rest_route=\/wp\/v2\/pages\/197\/revisions\/728"}],"up":[{"embeddable":true,"href":"https:\/\/tollasklub.hu\/index.php?rest_route=\/wp\/v2\/pages\/96"}],"wp:attachment":[{"href":"https:\/\/tollasklub.hu\/index.php?rest_route=%2Fwp%2Fv2%2Fmedia&parent=197"}],"curies":[{"name":"wp","href":"https:\/\/api.w.org\/{rel}","templated":true}]}}