{"id":262,"date":"2011-09-05T23:55:46","date_gmt":"2011-09-05T23:55:46","guid":{"rendered":"http:\/\/tollasklub.hu\/?page_id=262"},"modified":"2016-07-20T10:18:02","modified_gmt":"2016-07-20T10:18:02","slug":"pozsik-eva","status":"publish","type":"page","link":"https:\/\/tollasklub.hu\/?page_id=262","title":{"rendered":"Pozsik \u00c9va"},"content":{"rendered":"<p><a href=\"http:\/\/tollasklub.hu\/wp-content\/uploads\/Pozsik-\u00c9va.jpg\"><img decoding=\"async\" loading=\"lazy\" class=\"alignnone size-medium wp-image-720\" alt=\"Pozsik-\u00c9va\" src=\"http:\/\/tollasklub.hu\/wp-content\/uploads\/Pozsik-\u00c9va-225x300.jpg\" width=\"139\" height=\"140\" srcset=\"https:\/\/tollasklub.hu\/wp-content\/uploads\/Pozsik-\u00c9va-150x150.jpg 150w, https:\/\/tollasklub.hu\/wp-content\/uploads\/Pozsik-\u00c9va-100x100.jpg 100w\" sizes=\"(max-width: 139px) 100vw, 139px\" \/><\/a><\/p>\n<p style=\"text-align: justify;\">5x-\u00f6s magyar bajnok 1977,78,79,80 \u00e9s senior bajnok 2008.<\/p>\n<p style=\"text-align: justify;\">Tollaslabda Edz\u0151, gy\u00f3gytestnevel\u0151, testnevel\u0151 tan\u00e1r<\/p>\n<p style=\"text-align: justify;\">Edz\u0151k\u00e9nt v\u00e1llalok szem\u00e9lyi edz\u00e9st, egy\u00e9niben, p\u00e1rosban; edz\u0151partnerk\u00e9nt egy\u00e9niben, p\u00e1rosban 7 \u00e9ves kort\u00f3l gyerekeknek, feln\u0151tteknek, kezd\u0151 \u00e9s lelkes amat\u0151r\u00f6knek. Mindenkinek, aki szeret tollasozni. K\u00e9r\u00e9sre egy\u00e9nre szabott gy\u00f3gytorna gyakorlatokat betan\u00edtok.<\/p>\n<p style=\"text-align: justify;\">Mobil: 06 70 619 38 16<br \/>\nEmail: evapozsik@gmail.com<\/p>\n<div id=\"dc_vk_code\" style=\"display: none;\"><\/div>\n","protected":false},"excerpt":{"rendered":"<p>5x-\u00f6s magyar bajnok 1977,78,79,80 \u00e9s senior bajnok 2008. Tollaslabda Edz\u0151, gy\u00f3gytestnevel\u0151, testnevel\u0151 tan\u00e1r Edz\u0151k\u00e9nt v\u00e1llalok szem\u00e9lyi edz\u00e9st, egy\u00e9niben, p\u00e1rosban; edz\u0151partnerk\u00e9nt egy\u00e9niben, p\u00e1rosban 7 \u00e9ves kort\u00f3l gyerekeknek, feln\u0151tteknek, kezd\u0151 \u00e9s lelkes amat\u0151r\u00f6knek. Mindenkinek, aki szeret tollasozni. K\u00e9r\u00e9sre egy\u00e9nre szabott gy\u00f3gytorna gyakorlatokat &hellip; <a href=\"https:\/\/tollasklub.hu\/?page_id=262\">Continue reading <span class=\"meta-nav\">&rarr;<\/span><\/a><\/p>\n","protected":false},"author":1,"featured_media":720,"parent":96,"menu_order":85,"comment_status":"closed","ping_status":"closed","template":"","meta":[],"_links":{"self":[{"href":"https:\/\/tollasklub.hu\/index.php?rest_route=\/wp\/v2\/pages\/262"}],"collection":[{"href":"https:\/\/tollasklub.hu\/index.php?rest_route=\/wp\/v2\/pages"}],"about":[{"href":"https:\/\/tollasklub.hu\/index.php?rest_route=\/wp\/v2\/types\/page"}],"author":[{"embeddable":true,"href":"https:\/\/tollasklub.hu\/index.php?rest_route=\/wp\/v2\/users\/1"}],"replies":[{"embeddable":true,"href":"https:\/\/tollasklub.hu\/index.php?rest_route=%2Fwp%2Fv2%2Fcomments&post=262"}],"version-history":[{"count":6,"href":"https:\/\/tollasklub.hu\/index.php?rest_route=\/wp\/v2\/pages\/262\/revisions"}],"predecessor-version":[{"id":846,"href":"https:\/\/tollasklub.hu\/index.php?rest_route=\/wp\/v2\/pages\/262\/revisions\/846"}],"up":[{"embeddable":true,"href":"https:\/\/tollasklub.hu\/index.php?rest_route=\/wp\/v2\/pages\/96"}],"wp:featuredmedia":[{"embeddable":true,"href":"https:\/\/tollasklub.hu\/index.php?rest_route=\/wp\/v2\/media\/720"}],"wp:attachment":[{"href":"https:\/\/tollasklub.hu\/index.php?rest_route=%2Fwp%2Fv2%2Fmedia&parent=262"}],"curies":[{"name":"wp","href":"https:\/\/api.w.org\/{rel}","templated":true}]}}