{"id":264,"date":"2011-09-05T23:58:19","date_gmt":"2011-09-05T23:58:19","guid":{"rendered":"http:\/\/tollasklub.hu\/?page_id=264"},"modified":"2019-04-19T15:41:56","modified_gmt":"2019-04-19T15:41:56","slug":"munkacsi-kitti","status":"publish","type":"page","link":"https:\/\/tollasklub.hu\/?page_id=264","title":{"rendered":"Remsei Andr\u00e1s"},"content":{"rendered":"<p style=\"text-align: justify;\">2006-t\u00f3l tollaslabd\u00e1zom. A Testnevel\u00e9si Egyetemen szereztem\u00a0tollaslabda edz\u0151i k\u00e9pes\u00edt\u00e9semet. M\u00e9rn\u00f6k-k\u00f6zgazd\u00e1szk\u00e9nt dolgoztam, de m\u00e1r csak sporttal, tollaslabd\u00e1val foglalkozom. Saj\u00e1t tollasklubomat vezetem. P\u00e1ly\u00e1inkon a II., XII. \u00e9s a XX. ker\u00fcletben tudtok j\u00e1tszani. Nyaranta gyerekeknek edz\u0151t\u00e1borokat szervezek. V\u00e1llalom gyerekek \u00e9s feln\u0151ttek edz\u00e9s\u00e9t, egy\u00e9nileg \u00e9s csoportosan egyar\u00e1nt. Edz\u0151partnerk\u00e9nt is sz\u00edvesen j\u00e1tszom.<\/p>\n<p style=\"text-align: justify;\">Egy\u00e9ni edz\u00e9sre 4500Ft\/\u00f3ra k\u00e9rek, csoportos edz\u00e9s d\u00edja l\u00e9tsz\u00e1mf\u00fcgg\u0151.<\/p>\n<p>Telefon: 06 30 942 9320<br \/>\nEmail: andras.remsei@gmail.com<\/p>\n<p style=\"text-align: justify;\">\n","protected":false},"excerpt":{"rendered":"<p>2006-t\u00f3l tollaslabd\u00e1zom. A Testnevel\u00e9si Egyetemen szereztem\u00a0tollaslabda edz\u0151i k\u00e9pes\u00edt\u00e9semet. M\u00e9rn\u00f6k-k\u00f6zgazd\u00e1szk\u00e9nt dolgoztam, de m\u00e1r csak sporttal, tollaslabd\u00e1val foglalkozom. Saj\u00e1t tollasklubomat vezetem. P\u00e1ly\u00e1inkon a II., XII. \u00e9s a XX. ker\u00fcletben tudtok j\u00e1tszani. Nyaranta gyerekeknek edz\u0151t\u00e1borokat szervezek. V\u00e1llalom gyerekek \u00e9s feln\u0151ttek edz\u00e9s\u00e9t, egy\u00e9nileg \u00e9s &hellip; <a href=\"https:\/\/tollasklub.hu\/?page_id=264\">Continue reading <span class=\"meta-nav\">&rarr;<\/span><\/a><\/p>\n","protected":false},"author":1,"featured_media":0,"parent":96,"menu_order":75,"comment_status":"closed","ping_status":"closed","template":"","meta":[],"_links":{"self":[{"href":"https:\/\/tollasklub.hu\/index.php?rest_route=\/wp\/v2\/pages\/264"}],"collection":[{"href":"https:\/\/tollasklub.hu\/index.php?rest_route=\/wp\/v2\/pages"}],"about":[{"href":"https:\/\/tollasklub.hu\/index.php?rest_route=\/wp\/v2\/types\/page"}],"author":[{"embeddable":true,"href":"https:\/\/tollasklub.hu\/index.php?rest_route=\/wp\/v2\/users\/1"}],"replies":[{"embeddable":true,"href":"https:\/\/tollasklub.hu\/index.php?rest_route=%2Fwp%2Fv2%2Fcomments&post=264"}],"version-history":[{"count":9,"href":"https:\/\/tollasklub.hu\/index.php?rest_route=\/wp\/v2\/pages\/264\/revisions"}],"predecessor-version":[{"id":941,"href":"https:\/\/tollasklub.hu\/index.php?rest_route=\/wp\/v2\/pages\/264\/revisions\/941"}],"up":[{"embeddable":true,"href":"https:\/\/tollasklub.hu\/index.php?rest_route=\/wp\/v2\/pages\/96"}],"wp:attachment":[{"href":"https:\/\/tollasklub.hu\/index.php?rest_route=%2Fwp%2Fv2%2Fmedia&parent=264"}],"curies":[{"name":"wp","href":"https:\/\/api.w.org\/{rel}","templated":true}]}}