{"id":4,"date":"2011-07-19T00:24:53","date_gmt":"2011-07-19T00:24:53","guid":{"rendered":"http:\/\/tollasklub.hu\/?page_id=4"},"modified":"2011-09-13T22:43:27","modified_gmt":"2011-09-13T22:43:27","slug":"szolgaltatasok","status":"publish","type":"page","link":"https:\/\/tollasklub.hu\/?page_id=4","title":{"rendered":"Szolg\u00e1ltat\u00e1sok"},"content":{"rendered":"<p>A tollaslabda sz\u00e1mos m\u00f3don jelenthet j\u00f3 sz\u00f3rakoz\u00e1st kezd\u0151knek \u00e9s halad\u00f3knak egyar\u00e1nt. Sz\u00edvesen biztos\u00edtunk lehet\u0151s\u00e9get (el\u0151zetes p\u00e1lyafoglal\u00e1s ut\u00e1n) mindazoknak, akik<\/p>\n<ul>\n<li>bar\u00e1ti &#8220;\u00fct\u00f6get\u00e9sre&#8221;<\/li>\n<li>akt\u00edv testmozg\u00e1sra<\/li>\n<li>csal\u00e1di sz\u00f3rakoz\u00e1sra<\/li>\n<li>verseng\u00e9sre<\/li>\n<li>gyakorl\u00e1sra<\/li>\n<\/ul>\n<p>v\u00e1gynak \u00e9s ehhez a tollaslabda sportot v\u00e1lasztj\u00e1k.<\/p>\n<p>Edz\u0151ink szakszer\u0171 seg\u00edts\u00e9get is ny\u00fajtanak a fejl\u0151d\u00e9shez gyerekeknek \u00e9s feln\u0151tteknek, kezd\u0151knek \u00e9s halad\u00f3knak is.\u00a0 Csal\u00e1dok sz\u00e1m\u00e1ra (pl. h\u00e9tv\u00e9g\u00e9n) ak\u00e1r egy id\u0151ben is tudunk gyerek edz\u0151t \u00e9s feln\u0151tt edz\u0151t vagy edz\u0151partnert ny\u00fajtani.<\/p>\n","protected":false},"excerpt":{"rendered":"<p>A tollaslabda sz\u00e1mos m\u00f3don jelenthet j\u00f3 sz\u00f3rakoz\u00e1st kezd\u0151knek \u00e9s halad\u00f3knak egyar\u00e1nt. Sz\u00edvesen biztos\u00edtunk lehet\u0151s\u00e9get (el\u0151zetes p\u00e1lyafoglal\u00e1s ut\u00e1n) mindazoknak, akik bar\u00e1ti &#8220;\u00fct\u00f6get\u00e9sre&#8221; akt\u00edv testmozg\u00e1sra csal\u00e1di sz\u00f3rakoz\u00e1sra verseng\u00e9sre gyakorl\u00e1sra v\u00e1gynak \u00e9s ehhez a tollaslabda sportot v\u00e1lasztj\u00e1k. Edz\u0151ink szakszer\u0171 seg\u00edts\u00e9get is ny\u00fajtanak a &hellip; <a href=\"https:\/\/tollasklub.hu\/?page_id=4\">Continue reading <span class=\"meta-nav\">&rarr;<\/span><\/a><\/p>\n","protected":false},"author":1,"featured_media":126,"parent":0,"menu_order":10,"comment_status":"closed","ping_status":"closed","template":"","meta":[],"_links":{"self":[{"href":"https:\/\/tollasklub.hu\/index.php?rest_route=\/wp\/v2\/pages\/4"}],"collection":[{"href":"https:\/\/tollasklub.hu\/index.php?rest_route=\/wp\/v2\/pages"}],"about":[{"href":"https:\/\/tollasklub.hu\/index.php?rest_route=\/wp\/v2\/types\/page"}],"author":[{"embeddable":true,"href":"https:\/\/tollasklub.hu\/index.php?rest_route=\/wp\/v2\/users\/1"}],"replies":[{"embeddable":true,"href":"https:\/\/tollasklub.hu\/index.php?rest_route=%2Fwp%2Fv2%2Fcomments&post=4"}],"version-history":[{"count":4,"href":"https:\/\/tollasklub.hu\/index.php?rest_route=\/wp\/v2\/pages\/4\/revisions"}],"predecessor-version":[{"id":127,"href":"https:\/\/tollasklub.hu\/index.php?rest_route=\/wp\/v2\/pages\/4\/revisions\/127"}],"wp:featuredmedia":[{"embeddable":true,"href":"https:\/\/tollasklub.hu\/index.php?rest_route=\/wp\/v2\/media\/126"}],"wp:attachment":[{"href":"https:\/\/tollasklub.hu\/index.php?rest_route=%2Fwp%2Fv2%2Fmedia&parent=4"}],"curies":[{"name":"wp","href":"https:\/\/api.w.org\/{rel}","templated":true}]}}