{"id":630,"date":"2013-09-30T07:47:56","date_gmt":"2013-09-30T07:47:56","guid":{"rendered":"http:\/\/tollasklub.hu\/?page_id=630"},"modified":"2018-01-25T21:15:21","modified_gmt":"2018-01-25T21:15:21","slug":"foglalas","status":"publish","type":"page","link":"https:\/\/tollasklub.hu\/?page_id=630","title":{"rendered":"Foglal\u00e1s"},"content":{"rendered":"<p style=\"text-align: justify;\"><a href=\"https:\/\/docs.google.com\/spreadsheet\/ccc?key=0Apn99nyZimscdGQ2SGVIa0pjVl9SYnB6N0ZpZVlLYWc&amp;usp=sharing\" target=\"_blank\" rel=\"noopener noreferrer\">Erre a linkre<\/a> ( badminton court booking ) kattintva l\u00e1tod, hogy a k\u00f6zelj\u00f6v\u0151ben klubunkban mikor lehet tollasozni \u00e9s az egyes p\u00e1ly\u00e1kat kik foglalt\u00e1k le. A szabad p\u00e1ly\u00e1ra,asztalra a +36 30 9429 320-as telefonsz\u00e1mon foglalhatsz id\u0151pontot vagy\u00a0a <a href=\"mailto:tollasklub@freemail.hu\">tollasklub@freemail.hu<\/a> c\u00edmre k\u00fcld\u00f6tt email-ben. Akik nem szeretn\u00e9k, hogy nev\u00fck szerepeljen a t\u00e1bl\u00e1zatban azok m\u00e1s jel\u00f6l\u00e9st is k\u00e9rhetnek.<\/p>\n<p style=\"text-align: justify;\">A v\u00e9gleges foglal\u00e1st k\u00e9k sz\u00ednnel \u00edrjuk a t\u00e1bl\u00e1zatba (garant\u00e1ljuk a p\u00e1ly\u00e1t). A piros sz\u00ednnel jel\u00f6lt nevek el\u0151zetes foglal\u00e1sok. Itt az elv az, hogy aki el\u0151bb rendezi az j\u00e1tszhat-ekkor \u00e9rtes\u00edtj\u00fck a foglal\u00f3t, hogy biztos-e a foglal\u00e1sa, ha igen \u0151 kapja meg a j\u00e1t\u00e9kjogot. Term\u00e9szetesen c\u00e9lszer\u0171bb, ha a szabad helyekre foglalj\u00e1tok le a p\u00e1ly\u00e1kat.<\/p>\n<p style=\"text-align: justify;\">Foglalni k\u00e9t h\u00f3napra el\u0151re lehet. Aki elh\u00edvatotts\u00e1got \u00e9rez a tollaslabda ir\u00e1nt \u00e9rdemes el\u0151re biztos\u00edtani a j\u00e1t\u00e9klehet\u0151s\u00e9get. Z\u00f6ld sz\u00edn\u0171 nevek\u00a0 \u00faj j\u00e1t\u00e9kost vagy vend\u00e9gj\u00e1t\u00e9kost jelentenek.<\/p>\n<p style=\"text-align: justify;\">\u00c9rdemes n\u00e9ha a t\u00e1bl\u00e1zatra n\u00e9zni, mert betegs\u00e9g miatt &#8220;v\u00e1ratlanul&#8221; szabadulhatnak fel p\u00e1ly\u00e1k. Van lehet\u0151s\u00e9g v\u00e1r\u00f3list\u00e1ra feliratkozni. Ha felszabadul p\u00e1lya ,err\u0151l \u00e9rtes\u00edt\u00e9st k\u00fcld\u00fcnk a v\u00e1r\u00f3list\u00e1soknak. K\u00e9rj\u00fck azokat a tollaslabd\u00e1z\u00f3kat akik egy \u00f3r\u00e1t szeretn\u00e9nek j\u00e1tszani, a kezd\u0151 id\u0151pontra vagy az utols\u00f3 \u00f3r\u00e1ra tegy\u00e9k foglal\u00e1sukat (17-18 ill.18-19 vagy 19-20 ill 21-22), hogy megmaradjon a lehet\u0151s\u00e9g azoknak, akik k\u00e9t \u00f3r\u00e1t szeretn\u00e9nek j\u00e1tszani. Term\u00e9szetesen, ha az els\u0151 \u00e9s utols\u00f3 \u00f3ra m\u00e1r\u00a0 foglalt ez a szab\u00e1ly nem \u00e9rv\u00e9nyes.<\/p>\n","protected":false},"excerpt":{"rendered":"<p>Erre a linkre ( badminton court booking ) kattintva l\u00e1tod, hogy a k\u00f6zelj\u00f6v\u0151ben klubunkban mikor lehet tollasozni \u00e9s az egyes p\u00e1ly\u00e1kat kik foglalt\u00e1k le. A szabad p\u00e1ly\u00e1ra,asztalra a +36 30 9429 320-as telefonsz\u00e1mon foglalhatsz id\u0151pontot vagy\u00a0a tollasklub@freemail.hu c\u00edmre k\u00fcld\u00f6tt email-ben. &hellip; <a href=\"https:\/\/tollasklub.hu\/?page_id=630\">Continue reading <span class=\"meta-nav\">&rarr;<\/span><\/a><\/p>\n","protected":false},"author":1,"featured_media":0,"parent":0,"menu_order":13,"comment_status":"closed","ping_status":"closed","template":"page-nosidebar.php","meta":[],"_links":{"self":[{"href":"https:\/\/tollasklub.hu\/index.php?rest_route=\/wp\/v2\/pages\/630"}],"collection":[{"href":"https:\/\/tollasklub.hu\/index.php?rest_route=\/wp\/v2\/pages"}],"about":[{"href":"https:\/\/tollasklub.hu\/index.php?rest_route=\/wp\/v2\/types\/page"}],"author":[{"embeddable":true,"href":"https:\/\/tollasklub.hu\/index.php?rest_route=\/wp\/v2\/users\/1"}],"replies":[{"embeddable":true,"href":"https:\/\/tollasklub.hu\/index.php?rest_route=%2Fwp%2Fv2%2Fcomments&post=630"}],"version-history":[{"count":29,"href":"https:\/\/tollasklub.hu\/index.php?rest_route=\/wp\/v2\/pages\/630\/revisions"}],"predecessor-version":[{"id":923,"href":"https:\/\/tollasklub.hu\/index.php?rest_route=\/wp\/v2\/pages\/630\/revisions\/923"}],"wp:attachment":[{"href":"https:\/\/tollasklub.hu\/index.php?rest_route=%2Fwp%2Fv2%2Fmedia&parent=630"}],"curies":[{"name":"wp","href":"https:\/\/api.w.org\/{rel}","templated":true}]}}