{"id":797,"date":"2014-10-13T12:14:59","date_gmt":"2014-10-13T12:14:59","guid":{"rendered":"http:\/\/tollasklub.hu\/?page_id=797"},"modified":"2014-10-13T12:22:14","modified_gmt":"2014-10-13T12:22:14","slug":"dako-andrea-olimpikon","status":"publish","type":"page","link":"https:\/\/tollasklub.hu\/?page_id=797","title":{"rendered":"Dak\u00f3 Andrea olimpikon"},"content":{"rendered":"<p><a href=\"http:\/\/tollasklub.hu\/wp-content\/uploads\/Dak\u00f3Andi-tollas-olimpikon.jpg\"><img decoding=\"async\" loading=\"lazy\" class=\"size-medium wp-image-793\" alt=\"Dak\u00f3 Andi vagyok, Barcelonai Olimpia els\u0151 adogat\u00e1s\u00e1t \u00e9n \u00fct\u00f6ttem. 10x-es magyar bajnok egy\u00e9nibe, \u00e9s p\u00e1rosban egyar\u00e1nt. Tollaslabda edz\u00e9seket tartok \u00e9s igyekszem minden fontos mozzanatot megtan\u00edtani n\u00f6vend\u00e9keimnek.\" src=\"http:\/\/tollasklub.hu\/wp-content\/uploads\/Dak\u00f3Andi-tollas-olimpikon-211x300.jpg\" width=\"211\" height=\"300\" srcset=\"https:\/\/tollasklub.hu\/wp-content\/uploads\/Dak\u00f3Andi-tollas-olimpikon-211x300.jpg 211w, https:\/\/tollasklub.hu\/wp-content\/uploads\/Dak\u00f3Andi-tollas-olimpikon-720x1024.jpg 720w, https:\/\/tollasklub.hu\/wp-content\/uploads\/Dak\u00f3Andi-tollas-olimpikon.jpg 996w\" sizes=\"(max-width: 211px) 100vw, 211px\" \/><\/a> 8 \u00e9ves koromban kezdtem tollaslabd\u00e1zni, serd\u00fcl\u0151, ifj\u00fas\u00e1gi, 16 \u00e9ves koromt\u00f3l pedig m\u00e1r a Feln\u0151tt V\u00e1logatott tagja voltam k\u00f6zel 20 \u00e9vig. Sz\u00e1mos magyar bajnoki c\u00edm \u00e9s nemzetk\u00f6zi helyez\u00e9s megszerz\u00e9se mellett legfontosabb sporteredm\u00e9nyem, 1992-ben r\u00e9szt vettem a Barcelon\u00e1ban megrendezett Olimpi\u00e1n. Szerencs\u00e9m volt, mert \u00e9n j\u00e1tszhattam az els\u0151 hivatalos tollaslabda meccset \u00e9s adtam az els\u0151 szerv\u00e1t (n\u0151i egy\u00e9niben) az olimpi\u00e1k t\u00f6rt\u00e9net\u00e9ben. A versenyz\u00e9st k\u00f6vet\u0151en tollaslabda oktat\u00f3k\u00e9nt dolgozom  \u00e9s  f\u0151k\u00e9nt feln\u0151tt amat\u0151r\u00f6kkel foglalkozom.<\/p>\n","protected":false},"excerpt":{"rendered":"<p>8 \u00e9ves koromban kezdtem tollaslabd\u00e1zni, serd\u00fcl\u0151, ifj\u00fas\u00e1gi, 16 \u00e9ves koromt\u00f3l pedig m\u00e1r a Feln\u0151tt V\u00e1logatott tagja voltam k\u00f6zel 20 \u00e9vig. Sz\u00e1mos magyar bajnoki c\u00edm \u00e9s nemzetk\u00f6zi helyez\u00e9s megszerz\u00e9se mellett legfontosabb sporteredm\u00e9nyem, 1992-ben r\u00e9szt vettem a Barcelon\u00e1ban megrendezett Olimpi\u00e1n. Szerencs\u00e9m volt, &hellip; <a href=\"https:\/\/tollasklub.hu\/?page_id=797\">Continue reading <span class=\"meta-nav\">&rarr;<\/span><\/a><\/p>\n","protected":false},"author":2,"featured_media":0,"parent":96,"menu_order":0,"comment_status":"open","ping_status":"open","template":"","meta":[],"_links":{"self":[{"href":"https:\/\/tollasklub.hu\/index.php?rest_route=\/wp\/v2\/pages\/797"}],"collection":[{"href":"https:\/\/tollasklub.hu\/index.php?rest_route=\/wp\/v2\/pages"}],"about":[{"href":"https:\/\/tollasklub.hu\/index.php?rest_route=\/wp\/v2\/types\/page"}],"author":[{"embeddable":true,"href":"https:\/\/tollasklub.hu\/index.php?rest_route=\/wp\/v2\/users\/2"}],"replies":[{"embeddable":true,"href":"https:\/\/tollasklub.hu\/index.php?rest_route=%2Fwp%2Fv2%2Fcomments&post=797"}],"version-history":[{"count":5,"href":"https:\/\/tollasklub.hu\/index.php?rest_route=\/wp\/v2\/pages\/797\/revisions"}],"predecessor-version":[{"id":802,"href":"https:\/\/tollasklub.hu\/index.php?rest_route=\/wp\/v2\/pages\/797\/revisions\/802"}],"up":[{"embeddable":true,"href":"https:\/\/tollasklub.hu\/index.php?rest_route=\/wp\/v2\/pages\/96"}],"wp:attachment":[{"href":"https:\/\/tollasklub.hu\/index.php?rest_route=%2Fwp%2Fv2%2Fmedia&parent=797"}],"curies":[{"name":"wp","href":"https:\/\/api.w.org\/{rel}","templated":true}]}}